{"id":18,"date":"2024-06-03T08:22:54","date_gmt":"2024-06-03T06:22:54","guid":{"rendered":"https:\/\/mtbsiegerland.de\/cms\/?page_id=18"},"modified":"2025-02-03T14:26:03","modified_gmt":"2025-02-03T13:26:03","slug":"nutzungsbedingungen-flowtrail","status":"publish","type":"page","link":"https:\/\/mtbsiegerland.de\/cms\/nutzungsbedingungen-flowtrail\/","title":{"rendered":"Nutzungsbedingungen Flowtrail"},"content":{"rendered":"\t\t<div data-elementor-type=\"wp-page\" data-elementor-id=\"18\" class=\"elementor elementor-18\" data-elementor-post-type=\"page\">\n\t\t\t\t<div class=\"elementor-element elementor-element-189d3816 e-flex e-con-boxed e-con e-parent\" data-id=\"189d3816\" data-element_type=\"container\" data-e-type=\"container\">\n\t\t\t\t\t<div class=\"e-con-inner\">\n\t\t\t\t<div class=\"elementor-element elementor-element-d0a92ac elementor-widget elementor-widget-heading\" data-id=\"d0a92ac\" data-element_type=\"widget\" data-e-type=\"widget\" data-widget_type=\"heading.default\">\n\t\t\t\t<div class=\"elementor-widget-container\">\n\t\t\t\t\t<h2 class=\"elementor-heading-title elementor-size-default\">DIE NUTZUNGSBEDINGUNGEN<\/h2>\t\t\t\t<\/div>\n\t\t\t\t<\/div>\n\t\t\t\t<div class=\"elementor-element elementor-element-597e415f elementor-widget elementor-widget-text-editor\" data-id=\"597e415f\" data-element_type=\"widget\" data-e-type=\"widget\" data-widget_type=\"text-editor.default\">\n\t\t\t\t<div class=\"elementor-widget-container\">\n\t\t\t\t\t\t\t\t\t<p><\/p>\n<div class=\"wp-block-group is-vertical is-layout-flex wp-container-core-group-is-layout-8cf370e7 wp-block-group-is-layout-flex\"><p><\/p>\n<h2 class=\"wp-block-heading\"><span style=\"color: var( --e-global-color-text ); font-family: var( --e-global-typography-text-font-family ), Sans-serif; font-weight: 400; text-align: var(--text-align); font-size: 14px;\">1. Der Flowtrail Siegen ist eine Sportanlage des MTB Siegerland e.V., die Vereinsmitgliedern und G\u00e4sten zur Verf\u00fcgung steht. Sie wurde unter Federf\u00fchrung des MTB Siegerland e.V. in ehrenamtlicher Arbeit errichtet.<\/span><\/h2>\n<p><\/p>\n<p>2. Kommerzielle Nutzung sowie organisierte Veranstaltungen Dritter sind nicht erlaubt.<\/p>\n<p><\/p>\n<p>3. Die Betreuung der Strecke obliegt dem MTB Siegerland e.V. und dessen Erf\u00fcllungsgehilfen. Streckenschilder sind zu beachten. Hinweisen und Anordnungen von beauftragten Mitgliedern des MTB Siegerland e.V. sowie des Forstschutzbeauftragten der Universit\u00e4tsstadt Siegen ist Folge zu leisten. Auf Verlangen ist der Personalausweis vorzuzeigen.<\/p>\n<p><\/p>\n<p>4. Der MTB Siegerland e.V. hat die Sicherheitsstandards jederzeit zu gew\u00e4hrleisten. Sollten dennoch sicherheitstechnische M\u00e4ngel im Streckenverlauf festgestellt werden, bitten wir um sofortige Info an die unten angegebenen Kontaktdaten. -&gt; info@mtbsiegerland.de<\/p>\n<p><\/p>\n<p>5. Es wird ausdr\u00fccklich darauf hingewiesen, dass es sich um eine Gel\u00e4ndestrecke handelt, deren Befahren ausreichend fahrtechnisches K\u00f6nnen sowie ein geeignetes und technisch einwandfreies Mountainbike verlangt. Beauftragte des MTB Siegerland e.V. sind befugt, Biker, die durch die Strecke \u00fcberfordert sind oder ein ungeeignetes oder technisch nicht einwandfreies Mountainbike nutzen, von deren Benutzung ganz oder teilweise auszuschlie\u00dfen.<\/p>\n<p><\/p>\n<p>6. Die Benutzung der Strecke erfolgt auf eigene Gefahr. Jeder Nutzer der Strecke akzeptiert, dass es selbst bei sachgem\u00e4\u00dfer Nutzung sowie insbesondere in Folge von Witterungseinfl\u00fcssen zu St\u00fcrzen und Sch\u00e4den kommen kann. Jeder Nutzer hat den Streckenverlauf einschlie\u00dflich der Hindernisse mit der gebotenen Vorsicht vor der Benutzung zu \u00fcberpr\u00fcfen und in eigener Verantwortung zu beurteilen und zu entscheiden, ob er den Anforderungen gewachsen ist.<\/p>\n<p><\/p>\n<p>7. Der MTB Siegerland e.V. haftet nicht f\u00fcr Sch\u00e4den, die aus Fahr- oder Materialfehlern an Bike oder Ausr\u00fcstung des Nutzers entstehen. F\u00fcr Sach- und Personensch\u00e4den haftet der MTB Siegerland e.V. nur, soweit diese durch grob fahrl\u00e4ssige oder vors\u00e4tzliche Handlung des MTB Siegerland e.V. oder dessen Erf\u00fcllungsgehilfen verursacht wurden.<\/p>\n<p><\/p>\n<p>8. Im Falle eines Unfalls ist unverz\u00fcglich der Rettungsdienst \u00fcber den internationalen Notruf 112 zu verst\u00e4ndigen. Der internationale Notruf kann auch dann abgesetzt werden, wenn im eigenen Netz kein Empfang besteht (Handy ausschalten \u2013 wieder einschalten-112 w\u00e4hlen). Dem Rettungsdienst ist insbesondere mitzuteilen, in welchem Teil der Strecke der Verletzte zu finden ist. Gut erreichbare Rettungspunkte sind auf dem Streckenplan eingezeichnet. Das Rettungspersonal ist vom n\u00e4chstgelegenen Hauptweg aus einzuweisen und zum Unfallort zu eskortieren.<\/p>\n<p><\/p>\n<p>9. Bei Sturm oder Unwetter sowie bei akuten amtlichen Sturm- oder Unwetterwarnungen, bei N\u00e4sse sowie in der Zeit vom 1. November bis 31. M\u00e4rz ist die Benutzung der Strecke untersagt. In den \u00d6ffnungsmonaten ist die Benutzung f\u00fcr die Zeit von einer Stunde nach Sonnenaufgang bis eine Stunde vor Sonnenuntergang beschr\u00e4nkt.<\/p>\n<p><\/p>\n<p>10. Ein Befahren der Strecke ist nur mit Sicherheitshelm und Handschuhen gestattet, das Tragen von Protektoren wird empfohlen. Die alleinige Nutzung der Strecke ist untersagt. Mit waldtypischen Gefahren ist jederzeit zu rechnen.<\/p>\n<p><\/p>\n<p>11. Die Nutzer sind dazu verpflichtet sich jederzeit so zu verhalten, dass sie sich und andere Nutzer insbesondere andere Erholungssuchende, nicht gef\u00e4hrden. Hierzu geh\u00f6ren insbesondere ein ausreichender Sicherheitsabstand und eine den Strecken und Sichtverh\u00e4ltnissen sowie dem eigenen K\u00f6nnen angepasste Geschwindigkeit und Fahrweise. Langsamere lassen Schnellere passieren, sobald dies gefahrlos m\u00f6glich ist. An un\u00fcbersichtlichen Stellen darf nicht angehalten werden, bzw. diese sind bei unfreiwilligem Stopps sofort zu r\u00e4umen. Die Strecke darf nur bergab befahren werden.<\/p>\n<p><\/p>\n<p>12. An Trailkreuzungen gilt \u201crechts vor links\u201d. Beim Kreuzen von Wanderwegen und von \u00f6ffentlichen Stra\u00dfen sowie vor den Bremsschikanen ist h\u00f6chste Vorsicht geboten Bei einer Wege- oder Stra\u00dfenquerung ist vom Rad abzusteigen! Wir bitten um Ber\u00fccksichtigung der DIMB TrailRules! Wanderer haben Vorrang.<\/p>\n<p><\/p>\n<p>13. Jegliche Ver\u00e4nderungen am Streckenverlauf oder an den Hindemissen sind nur unter Anleitung des MTB Siegerland e.V. zul\u00e4ssig. Das Verlassen der gekennzeichneten Strecke ist verboten.<\/p>\n<p><\/p>\n<p>14. Aus Sicherheitsgr\u00fcnden ist ein Betreten der Strecke f\u00fcr Fu\u00dfg\u00e4nger untersagt. Es besteht erhebliche Unfallgefahr.<\/p>\n<p><\/p>\n<p>15. Minderj\u00e4hrigen ist die Benutzung der Mountainbike-Strecke nur in Verbindung eines Erziehungsberechtigten oder Erziehungsbeauftragten, z.B. eines ausgewiesenen Jugendtrainers des Vereins gestattet. Auf Verlangen ist die Erziehungsbeauftragung dem Forstschutzbeauftragten der Eigent\u00fcmerin vorzuzeigen.<\/p>\n<p><\/p>\n<p>Empfohlene Ausr\u00fcstung f\u00fcr den Flowtrail Siegen:<\/p>\n<p><\/p>\n<p>Die Schutzausr\u00fcstung: Es besteht Helmpflicht! Lange Handschuhe sind dringend empfohlen. Schienbein- und Armschoner werden f\u00fcr die rote Variante empfohlen. Protektoren Pflicht auf den schwarzen Streckenabschnitten.<\/p>\n<p><\/p>\n<p>Das Fahrrad: Die blaue Linie ist mit einem Mountainbike Hardtail befahrbar Auf der roten und schwarzen Linie ist ein Mountainbike Fully (XC, Allmountain, Enduro, Downhill) komfortabler zu fahren Die schwarze Linie enth\u00e4lt nicht \u00fcberrollbare Spr\u00fcnge, ein entsprechend stabiles Mountainbike ist hier Pflicht (kein Leichtbau).<\/p>\n<p><\/p>\n<p>Die Reifen: Es sind verschiedene Waldb\u00f6den vorhanden N\u00e4sse wird schnell abgeleitet, bei dau-erhafter N\u00e4sse ist die Strecke geschlossen. Wegen der abwechselnden Waldboden (Laub-, Nadel-, Mischwald) sollte ein gut profilierter Allround-Reifen gew\u00e4hlt werden.<\/p>\n<p><\/p>\n<p>MTB Siegerland e.V.<\/p>\n<p><\/p>\n<p>www.flowtrail-siegen.com<\/p>\n<p><\/p>\n<p><a href=\"mailto:info@mtbsiegerland.de\">info@mtbsiegerland.de<\/a><\/p>\n<p><\/p><\/div>\n<p><\/p>\n<p><\/p>\t\t\t\t\t\t\t\t<\/div>\n\t\t\t\t<\/div>\n\t\t\t\t\t<\/div>\n\t\t\t\t<\/div>\n\t\t\t\t<\/div>\n\t\t","protected":false},"excerpt":{"rendered":"<p class=\"tx-excerpt\">DIE NUTZUNGSBEDINGUNGEN 1. Der Flowtrail Siegen ist eine Sportanlage des MTB Siegerland e.V., die Vereinsmitgliedern und G\u00e4sten zur Verf\u00fcgung steht. Sie wurde unter Federf\u00fchrung des MTB Siegerland e.V. in ehrenamtlicher Arbeit errichtet. 2. Kommerzielle Nutzung...<\/p>","protected":false},"author":1,"featured_media":0,"parent":0,"menu_order":0,"comment_status":"closed","ping_status":"closed","template":"","meta":{"_lmt_disableupdate":"","_lmt_disable":"","_exactmetrics_skip_tracking":false,"_exactmetrics_sitenote_active":false,"_exactmetrics_sitenote_note":"","_exactmetrics_sitenote_category":0,"footnotes":""},"class_list":["post-18","page","type-page","status-publish","hentry"],"yoast_head":"<!-- This site is optimized with the Yoast SEO plugin v27.4 - https:\/\/yoast.com\/product\/yoast-seo-wordpress\/ -->\n<title>Nutzungsbedingungen Flowtrail - MTB Siegerland e.V. - Lass dich raus!<\/title>\n<meta name=\"robots\" content=\"index, follow, max-snippet:-1, max-image-preview:large, max-video-preview:-1\" \/>\n<link rel=\"canonical\" href=\"https:\/\/mtbsiegerland.de\/cms\/nutzungsbedingungen-flowtrail\/\" \/>\n<meta property=\"og:locale\" content=\"de_DE\" \/>\n<meta property=\"og:type\" content=\"article\" \/>\n<meta property=\"og:title\" content=\"Nutzungsbedingungen Flowtrail - MTB Siegerland e.V. - Lass dich raus!\" \/>\n<meta property=\"og:description\" content=\"DIE NUTZUNGSBEDINGUNGEN 1. Der Flowtrail Siegen ist eine Sportanlage des MTB Siegerland e.V., die Vereinsmitgliedern und G\u00e4sten zur Verf\u00fcgung steht. Sie wurde unter Federf\u00fchrung des MTB Siegerland e.V. in ehrenamtlicher Arbeit errichtet. 2. Kommerzielle Nutzung sowie organisierte Veranstaltungen Dritter sind nicht erlaubt. 3. Die Betreuung der Strecke obliegt dem MTB Siegerland e.V. und dessen Erf\u00fcllungsgehilfen. [&hellip;]\" \/>\n<meta property=\"og:url\" content=\"https:\/\/mtbsiegerland.de\/cms\/nutzungsbedingungen-flowtrail\/\" \/>\n<meta property=\"og:site_name\" content=\"MTB Siegerland e.V. - Lass dich raus!\" \/>\n<meta property=\"article:modified_time\" content=\"2025-02-03T13:26:03+00:00\" \/>\n<meta name=\"twitter:card\" content=\"summary_large_image\" \/>\n<meta name=\"twitter:label1\" content=\"Gesch\u00e4tzte Lesezeit\" \/>\n\t<meta name=\"twitter:data1\" content=\"5\u00a0Minuten\" \/>\n<script type=\"application\/ld+json\" class=\"yoast-schema-graph\">{\"@context\":\"https:\\\/\\\/schema.org\",\"@graph\":[{\"@type\":\"WebPage\",\"@id\":\"https:\\\/\\\/mtbsiegerland.de\\\/cms\\\/nutzungsbedingungen-flowtrail\\\/\",\"url\":\"https:\\\/\\\/mtbsiegerland.de\\\/cms\\\/nutzungsbedingungen-flowtrail\\\/\",\"name\":\"Nutzungsbedingungen Flowtrail - MTB Siegerland e.V. - Lass dich raus!\",\"isPartOf\":{\"@id\":\"https:\\\/\\\/mtbsiegerland.de\\\/#website\"},\"datePublished\":\"2024-06-03T06:22:54+00:00\",\"dateModified\":\"2025-02-03T13:26:03+00:00\",\"breadcrumb\":{\"@id\":\"https:\\\/\\\/mtbsiegerland.de\\\/cms\\\/nutzungsbedingungen-flowtrail\\\/#breadcrumb\"},\"inLanguage\":\"de\",\"potentialAction\":[{\"@type\":\"ReadAction\",\"target\":[\"https:\\\/\\\/mtbsiegerland.de\\\/cms\\\/nutzungsbedingungen-flowtrail\\\/\"]}]},{\"@type\":\"BreadcrumbList\",\"@id\":\"https:\\\/\\\/mtbsiegerland.de\\\/cms\\\/nutzungsbedingungen-flowtrail\\\/#breadcrumb\",\"itemListElement\":[{\"@type\":\"ListItem\",\"position\":1,\"name\":\"Startseite\",\"item\":\"https:\\\/\\\/mtbsiegerland.de\\\/cms\\\/\"},{\"@type\":\"ListItem\",\"position\":2,\"name\":\"Nutzungsbedingungen Flowtrail\"}]},{\"@type\":\"WebSite\",\"@id\":\"https:\\\/\\\/mtbsiegerland.de\\\/#website\",\"url\":\"https:\\\/\\\/mtbsiegerland.de\\\/\",\"name\":\"MTB Siegerland e.V. - Lass dich raus!\",\"description\":\"\",\"potentialAction\":[{\"@type\":\"SearchAction\",\"target\":{\"@type\":\"EntryPoint\",\"urlTemplate\":\"https:\\\/\\\/mtbsiegerland.de\\\/?s={search_term_string}\"},\"query-input\":{\"@type\":\"PropertyValueSpecification\",\"valueRequired\":true,\"valueName\":\"search_term_string\"}}],\"inLanguage\":\"de\"}]}<\/script>\n<!-- \/ Yoast SEO plugin. -->","yoast_head_json":{"title":"Nutzungsbedingungen Flowtrail - MTB Siegerland e.V. - Lass dich raus!","robots":{"index":"index","follow":"follow","max-snippet":"max-snippet:-1","max-image-preview":"max-image-preview:large","max-video-preview":"max-video-preview:-1"},"canonical":"https:\/\/mtbsiegerland.de\/cms\/nutzungsbedingungen-flowtrail\/","og_locale":"de_DE","og_type":"article","og_title":"Nutzungsbedingungen Flowtrail - MTB Siegerland e.V. - Lass dich raus!","og_description":"DIE NUTZUNGSBEDINGUNGEN 1. Der Flowtrail Siegen ist eine Sportanlage des MTB Siegerland e.V., die Vereinsmitgliedern und G\u00e4sten zur Verf\u00fcgung steht. Sie wurde unter Federf\u00fchrung des MTB Siegerland e.V. in ehrenamtlicher Arbeit errichtet. 2. Kommerzielle Nutzung sowie organisierte Veranstaltungen Dritter sind nicht erlaubt. 3. Die Betreuung der Strecke obliegt dem MTB Siegerland e.V. und dessen Erf\u00fcllungsgehilfen. [&hellip;]","og_url":"https:\/\/mtbsiegerland.de\/cms\/nutzungsbedingungen-flowtrail\/","og_site_name":"MTB Siegerland e.V. - Lass dich raus!","article_modified_time":"2025-02-03T13:26:03+00:00","twitter_card":"summary_large_image","twitter_misc":{"Gesch\u00e4tzte Lesezeit":"5\u00a0Minuten"},"schema":{"@context":"https:\/\/schema.org","@graph":[{"@type":"WebPage","@id":"https:\/\/mtbsiegerland.de\/cms\/nutzungsbedingungen-flowtrail\/","url":"https:\/\/mtbsiegerland.de\/cms\/nutzungsbedingungen-flowtrail\/","name":"Nutzungsbedingungen Flowtrail - MTB Siegerland e.V. - Lass dich raus!","isPartOf":{"@id":"https:\/\/mtbsiegerland.de\/#website"},"datePublished":"2024-06-03T06:22:54+00:00","dateModified":"2025-02-03T13:26:03+00:00","breadcrumb":{"@id":"https:\/\/mtbsiegerland.de\/cms\/nutzungsbedingungen-flowtrail\/#breadcrumb"},"inLanguage":"de","potentialAction":[{"@type":"ReadAction","target":["https:\/\/mtbsiegerland.de\/cms\/nutzungsbedingungen-flowtrail\/"]}]},{"@type":"BreadcrumbList","@id":"https:\/\/mtbsiegerland.de\/cms\/nutzungsbedingungen-flowtrail\/#breadcrumb","itemListElement":[{"@type":"ListItem","position":1,"name":"Startseite","item":"https:\/\/mtbsiegerland.de\/cms\/"},{"@type":"ListItem","position":2,"name":"Nutzungsbedingungen Flowtrail"}]},{"@type":"WebSite","@id":"https:\/\/mtbsiegerland.de\/#website","url":"https:\/\/mtbsiegerland.de\/","name":"MTB Siegerland e.V. - Lass dich raus!","description":"","potentialAction":[{"@type":"SearchAction","target":{"@type":"EntryPoint","urlTemplate":"https:\/\/mtbsiegerland.de\/?s={search_term_string}"},"query-input":{"@type":"PropertyValueSpecification","valueRequired":true,"valueName":"search_term_string"}}],"inLanguage":"de"}]}},"_links":{"self":[{"href":"https:\/\/mtbsiegerland.de\/cms\/wp-json\/wp\/v2\/pages\/18","targetHints":{"allow":["GET"]}}],"collection":[{"href":"https:\/\/mtbsiegerland.de\/cms\/wp-json\/wp\/v2\/pages"}],"about":[{"href":"https:\/\/mtbsiegerland.de\/cms\/wp-json\/wp\/v2\/types\/page"}],"author":[{"embeddable":true,"href":"https:\/\/mtbsiegerland.de\/cms\/wp-json\/wp\/v2\/users\/1"}],"replies":[{"embeddable":true,"href":"https:\/\/mtbsiegerland.de\/cms\/wp-json\/wp\/v2\/comments?post=18"}],"version-history":[{"count":6,"href":"https:\/\/mtbsiegerland.de\/cms\/wp-json\/wp\/v2\/pages\/18\/revisions"}],"predecessor-version":[{"id":445,"href":"https:\/\/mtbsiegerland.de\/cms\/wp-json\/wp\/v2\/pages\/18\/revisions\/445"}],"wp:attachment":[{"href":"https:\/\/mtbsiegerland.de\/cms\/wp-json\/wp\/v2\/media?parent=18"}],"curies":[{"name":"wp","href":"https:\/\/api.w.org\/{rel}","templated":true}]}}