{"id":490,"date":"2025-02-03T14:57:04","date_gmt":"2025-02-03T13:57:04","guid":{"rendered":"https:\/\/mtbsiegerland.de\/cms\/?page_id=490"},"modified":"2025-03-19T16:07:26","modified_gmt":"2025-03-19T15:07:26","slug":"bike-treff","status":"publish","type":"page","link":"https:\/\/mtbsiegerland.de\/cms\/bike-treff\/","title":{"rendered":"Bike Treff"},"content":{"rendered":"\t\t<div data-elementor-type=\"wp-page\" data-elementor-id=\"490\" class=\"elementor elementor-490\" data-elementor-post-type=\"page\">\n\t\t\t\t<div class=\"elementor-element elementor-element-6605727 e-flex e-con-boxed e-con e-parent\" data-id=\"6605727\" data-element_type=\"container\" data-e-type=\"container\">\n\t\t\t\t\t<div class=\"e-con-inner\">\n\t\t\t\t<div class=\"elementor-element elementor-element-52d24ab elementor-widget elementor-widget-heading\" data-id=\"52d24ab\" data-element_type=\"widget\" data-e-type=\"widget\" data-widget_type=\"heading.default\">\n\t\t\t\t<div class=\"elementor-widget-container\">\n\t\t\t\t\t<h2 class=\"elementor-heading-title elementor-size-default\">GEMEINSAM STATT EINSAM<\/h2>\t\t\t\t<\/div>\n\t\t\t\t<\/div>\n\t\t\t\t<div class=\"elementor-element elementor-element-5571582 elementor-widget elementor-widget-text-editor\" data-id=\"5571582\" data-element_type=\"widget\" data-e-type=\"widget\" data-widget_type=\"text-editor.default\">\n\t\t\t\t<div class=\"elementor-widget-container\">\n\t\t\t\t\t\t\t\t\t<p>Du suchst nach einer lockeren Runde mit Gleichgesinnten, bei der der Spa\u00df im Vordergrund steht? Dann bist du bei unserem <strong>Biketreff<\/strong>\u00a0genau richtig! Hier geht es nicht um Wettk\u00e4mpfe oder Bestzeiten, sondern darum, gemeinsam die Natur zu genie\u00dfen, neue Leute kennenzulernen und einfach eine gute Zeit auf dem Bike zu haben.<\/p><p>Ob 10, 20 oder sogar 30 Kilometer \u2013 bei unseren gemeinsamen Ausfahrten ist f\u00fcr jeden etwas dabei. Die Routen f\u00fchren uns durch malerische W\u00e4lder, \u00fcber abwechslungsreiche Trails und an sch\u00f6nen Aussichtspunkten vorbei. Dabei achten wir immer darauf, dass niemand zur\u00fcckbleibt und alle mit einem L\u00e4cheln im Gesicht ans Ziel kommen.<\/p><p>Der Treffpunkt f\u00fcr unsere Touren ist jedes Mal unterschiedlich, sodass wir immer wieder neue Ecken erkunden k\u00f6nnen. Wo es genau losgeht, erf\u00e4hrst du in unserer <strong>WhatsApp-Gruppe.<\/strong>\u00a0Dort wird nicht nur der Treffpunkt bekannt gegeben, sondern auch die Terminfindung organisiert. So bleibt alles unkompliziert und spontan \u2013 genau wie es sein soll!<\/p><p>Egal, ob du Anf\u00e4nger oder erfahrener Biker bist, beim Biketreff findest du immer Anschluss. Wir freuen uns darauf, mit dir die Trails unsicher zu machen und gemeinsam unvergessliche Momente zu erleben. Also, schnapp dir dein Bike, komm in die Gruppe und lass uns zusammen abheben! \ud83d\udeb5\u200d\u2640\ufe0f\ud83d\udeb5\u200d\u2642\ufe0f<\/p><p><em>Schau regelm\u00e4\u00dfig in die WhatsApp-Gruppe, um keine Tour zu verpassen \u2013 wir freuen uns auf dich!<\/em><\/p>\t\t\t\t\t\t\t\t<\/div>\n\t\t\t\t<\/div>\n\t\t\t\t\t<\/div>\n\t\t\t\t<\/div>\n\t\t<div class=\"elementor-element elementor-element-5ef46b18 e-flex e-con-boxed e-con e-parent\" data-id=\"5ef46b18\" data-element_type=\"container\" data-e-type=\"container\">\n\t\t\t\t\t<div class=\"e-con-inner\">\n\t\t\t\t<div class=\"elementor-element elementor-element-e986cba elementor-widget elementor-widget-avas-banner\" data-id=\"e986cba\" data-element_type=\"widget\" data-e-type=\"widget\" data-widget_type=\"avas-banner.default\">\n\t\t\t\t<div class=\"elementor-widget-container\">\n\t\t\t\t\t\n\t\t<div class=\"tx-banner tx-animation\">\n\n\t\t\t\n\t\t\t\t\t\t\t<div class=\"tx-banner-image\">\n\t\t\t\t\t<div class=\"tx-banner-bg-image tx-bg-anim-zoom-in wpr-anim-timing-ease-default\" style=\"background-image:url(https:\/\/mtbsiegerland.de\/cms\/wp-content\/uploads\/2025\/02\/background-page-1.png);\"><\/div>\n\t\t\t\t\t<div class=\"tx-banner-bg-overlay tx-border-anim-apollo\"><\/div>\n\t\t\t\t<\/div>\n\t\t\t\n\t\t\t<div class=\"tx-banner-content\">\n\n\t\t\t\t\n\t\t\t\t\t\t\t\t\t<h5 class=\"tx-banner-subtitle\">\n\t\t\t\t\t\tMACH MIT BEIM\t\t\t\t\t<\/h5>\n\t\t\t\t\n\t\t\t\t\t\t\t\t\t<h3 class=\"tx-banner-title\">\n\t\t\t\t\t\t\n\t\t\t\t\t\t<span>BIKETREFF<\/span>\n\n\t\t\t\t\t\t\t\t\t\t\t<\/h3>\n\t\t\t\t\n\t\t\t\t\t\t\t\t\t<div class=\"tx-banner-description\">\n\t\t\t\t\t\t<p><p>Die Zeiten f\u00fcr den Biketreff werden von Manu immer in der Whatsappgruppe geteilt. Tritt am besten heute noch der Whatsappgruppe bei Ihnen und verpasse keinen Termin mehr.\u00a0<\/p><p>Wie du in die Community kommst? Schreibe Manu einfach eine Mail und sie nimmt dich mit auf!<\/p><\/p>\n\t\t\t\t\t<\/div>\n\t\t\t\t\n\t\t\t\t\t\t\t\t\t<div class=\"tx-banner-btn-wrap\">\n\t\t\t\t\t\t<a class=\"tx-banner-btn elementor-animation-\" href=\"mailto:m.frettloeh@mtbsiegerland.de\">\n\t\t\t\t\t\t\t\n\t\t\t\t\t\t\t\n\t\t\t\t\t\t\t<span class=\"tx-banner-btn-text\">Mail an Manu schreiben<\/span>\n\n\t\t\t\t\t\t\t\t\t\t\t\t\t\t\t<span class=\"tx-banner-btn-icon tx-banner-btn-icon-position-after\">\n\t\t\t\t\t\t\t\t\t<i class=\"material-icon- material-icon-mail_outline\"><\/i>\n\t\t\t\t\t\t\t\t<\/span>\n\t\t\t\t\t\t\t\n\t\t\t\t\t\t<\/a>\n\t\t\t\t\t<\/div>\n\t\t\t\t\t\t\t<\/div>\n\n\t\t\t\t\t\t\t<div class=\"tx-banner-badge tx-banner-badge-style_3 tx-banner-badge-left\">\n\t\t\t\t\t<div class=\"tx-banner-badge-inner\">BIKETREFF<\/div>\n\t\t\t\t<\/div>\n\t\t\t\t\t<\/div>\n\n\t\t\t\t\t<\/div>\n\t\t\t\t<\/div>\n\t\t\t\t\t<\/div>\n\t\t\t\t<\/div>\n\t\t<div class=\"elementor-element elementor-element-20c6a3a e-flex e-con-boxed e-con e-parent\" data-id=\"20c6a3a\" data-element_type=\"container\" data-e-type=\"container\">\n\t\t\t\t\t<div class=\"e-con-inner\">\n\t\t\t\t<div class=\"elementor-element elementor-element-ef96fc8 elementor-widget elementor-widget-heading\" data-id=\"ef96fc8\" data-element_type=\"widget\" data-e-type=\"widget\" data-widget_type=\"heading.default\">\n\t\t\t\t<div class=\"elementor-widget-container\">\n\t\t\t\t\t<h2 class=\"elementor-heading-title elementor-size-default\">FOLGENDE TERMINE SIND BEREITS BEKANNT<\/h2>\t\t\t\t<\/div>\n\t\t\t\t<\/div>\n\t\t\t\t<div class=\"elementor-element elementor-element-5ae705c elementor-widget elementor-widget-shortcode\" data-id=\"5ae705c\" data-element_type=\"widget\" data-e-type=\"widget\" data-widget_type=\"shortcode.default\">\n\t\t\t\t<div class=\"elementor-widget-container\">\n\t\t\t\t\t\t\t<div class=\"elementor-shortcode\"><div class=\"em em-view-container\" id=\"em-view-253627198\" data-view=\"list-grouped\">\r\n\t<div class=\"em pixelbones em-list em-events-list em-events-list-grouped\" id=\"em-events-list-grouped-253627198\">\r\n\tKeine  Veranstaltungen\t<\/div>\r\n<\/div><\/div>\n\t\t\t\t\t\t<\/div>\n\t\t\t\t<\/div>\n\t\t\t\t\t<\/div>\n\t\t\t\t<\/div>\n\t\t\t\t<\/div>\n\t\t","protected":false},"excerpt":{"rendered":"<p class=\"tx-excerpt\">GEMEINSAM STATT EINSAM Du suchst nach einer lockeren Runde mit Gleichgesinnten, bei der der Spa\u00df im Vordergrund steht? Dann bist du bei unserem Biketreff\u00a0genau richtig! Hier geht es nicht um Wettk\u00e4mpfe oder Bestzeiten, sondern darum,...<\/p>","protected":false},"author":1,"featured_media":0,"parent":0,"menu_order":0,"comment_status":"closed","ping_status":"closed","template":"","meta":{"_lmt_disableupdate":"","_lmt_disable":"","_exactmetrics_skip_tracking":false,"_exactmetrics_sitenote_active":false,"_exactmetrics_sitenote_note":"","_exactmetrics_sitenote_category":0,"footnotes":""},"class_list":["post-490","page","type-page","status-publish","hentry"],"yoast_head":"<!-- This site is optimized with the Yoast SEO plugin v27.4 - https:\/\/yoast.com\/product\/yoast-seo-wordpress\/ -->\n<title>Bike Treff - MTB Siegerland e.V. - Lass dich raus!<\/title>\n<meta name=\"robots\" content=\"index, follow, max-snippet:-1, max-image-preview:large, max-video-preview:-1\" \/>\n<link rel=\"canonical\" href=\"https:\/\/mtbsiegerland.de\/cms\/bike-treff\/\" \/>\n<meta property=\"og:locale\" content=\"de_DE\" \/>\n<meta property=\"og:type\" content=\"article\" \/>\n<meta property=\"og:title\" content=\"Bike Treff - MTB Siegerland e.V. - Lass dich raus!\" \/>\n<meta property=\"og:description\" content=\"GEMEINSAM STATT EINSAM Du suchst nach einer lockeren Runde mit Gleichgesinnten, bei der der Spa\u00df im Vordergrund steht? Dann bist du bei unserem Biketreff\u00a0genau richtig! Hier geht es nicht um Wettk\u00e4mpfe oder Bestzeiten, sondern darum, gemeinsam die Natur zu genie\u00dfen, neue Leute kennenzulernen und einfach eine gute Zeit auf dem Bike zu haben. Ob 10, [&hellip;]\" \/>\n<meta property=\"og:url\" content=\"https:\/\/mtbsiegerland.de\/cms\/bike-treff\/\" \/>\n<meta property=\"og:site_name\" content=\"MTB Siegerland e.V. - Lass dich raus!\" \/>\n<meta property=\"article:modified_time\" content=\"2025-03-19T15:07:26+00:00\" \/>\n<meta name=\"twitter:card\" content=\"summary_large_image\" \/>\n<meta name=\"twitter:label1\" content=\"Gesch\u00e4tzte Lesezeit\" \/>\n\t<meta name=\"twitter:data1\" content=\"2\u00a0Minuten\" \/>\n<script type=\"application\/ld+json\" class=\"yoast-schema-graph\">{\"@context\":\"https:\\\/\\\/schema.org\",\"@graph\":[{\"@type\":\"WebPage\",\"@id\":\"https:\\\/\\\/mtbsiegerland.de\\\/cms\\\/bike-treff\\\/\",\"url\":\"https:\\\/\\\/mtbsiegerland.de\\\/cms\\\/bike-treff\\\/\",\"name\":\"Bike Treff - MTB Siegerland e.V. - Lass dich raus!\",\"isPartOf\":{\"@id\":\"https:\\\/\\\/mtbsiegerland.de\\\/#website\"},\"datePublished\":\"2025-02-03T13:57:04+00:00\",\"dateModified\":\"2025-03-19T15:07:26+00:00\",\"breadcrumb\":{\"@id\":\"https:\\\/\\\/mtbsiegerland.de\\\/cms\\\/bike-treff\\\/#breadcrumb\"},\"inLanguage\":\"de\",\"potentialAction\":[{\"@type\":\"ReadAction\",\"target\":[\"https:\\\/\\\/mtbsiegerland.de\\\/cms\\\/bike-treff\\\/\"]}]},{\"@type\":\"BreadcrumbList\",\"@id\":\"https:\\\/\\\/mtbsiegerland.de\\\/cms\\\/bike-treff\\\/#breadcrumb\",\"itemListElement\":[{\"@type\":\"ListItem\",\"position\":1,\"name\":\"Startseite\",\"item\":\"https:\\\/\\\/mtbsiegerland.de\\\/cms\\\/\"},{\"@type\":\"ListItem\",\"position\":2,\"name\":\"Bike Treff\"}]},{\"@type\":\"WebSite\",\"@id\":\"https:\\\/\\\/mtbsiegerland.de\\\/#website\",\"url\":\"https:\\\/\\\/mtbsiegerland.de\\\/\",\"name\":\"MTB Siegerland e.V. - Lass dich raus!\",\"description\":\"\",\"potentialAction\":[{\"@type\":\"SearchAction\",\"target\":{\"@type\":\"EntryPoint\",\"urlTemplate\":\"https:\\\/\\\/mtbsiegerland.de\\\/?s={search_term_string}\"},\"query-input\":{\"@type\":\"PropertyValueSpecification\",\"valueRequired\":true,\"valueName\":\"search_term_string\"}}],\"inLanguage\":\"de\"}]}<\/script>\n<!-- \/ Yoast SEO plugin. -->","yoast_head_json":{"title":"Bike Treff - MTB Siegerland e.V. - Lass dich raus!","robots":{"index":"index","follow":"follow","max-snippet":"max-snippet:-1","max-image-preview":"max-image-preview:large","max-video-preview":"max-video-preview:-1"},"canonical":"https:\/\/mtbsiegerland.de\/cms\/bike-treff\/","og_locale":"de_DE","og_type":"article","og_title":"Bike Treff - MTB Siegerland e.V. - Lass dich raus!","og_description":"GEMEINSAM STATT EINSAM Du suchst nach einer lockeren Runde mit Gleichgesinnten, bei der der Spa\u00df im Vordergrund steht? Dann bist du bei unserem Biketreff\u00a0genau richtig! Hier geht es nicht um Wettk\u00e4mpfe oder Bestzeiten, sondern darum, gemeinsam die Natur zu genie\u00dfen, neue Leute kennenzulernen und einfach eine gute Zeit auf dem Bike zu haben. Ob 10, [&hellip;]","og_url":"https:\/\/mtbsiegerland.de\/cms\/bike-treff\/","og_site_name":"MTB Siegerland e.V. - Lass dich raus!","article_modified_time":"2025-03-19T15:07:26+00:00","twitter_card":"summary_large_image","twitter_misc":{"Gesch\u00e4tzte Lesezeit":"2\u00a0Minuten"},"schema":{"@context":"https:\/\/schema.org","@graph":[{"@type":"WebPage","@id":"https:\/\/mtbsiegerland.de\/cms\/bike-treff\/","url":"https:\/\/mtbsiegerland.de\/cms\/bike-treff\/","name":"Bike Treff - MTB Siegerland e.V. - Lass dich raus!","isPartOf":{"@id":"https:\/\/mtbsiegerland.de\/#website"},"datePublished":"2025-02-03T13:57:04+00:00","dateModified":"2025-03-19T15:07:26+00:00","breadcrumb":{"@id":"https:\/\/mtbsiegerland.de\/cms\/bike-treff\/#breadcrumb"},"inLanguage":"de","potentialAction":[{"@type":"ReadAction","target":["https:\/\/mtbsiegerland.de\/cms\/bike-treff\/"]}]},{"@type":"BreadcrumbList","@id":"https:\/\/mtbsiegerland.de\/cms\/bike-treff\/#breadcrumb","itemListElement":[{"@type":"ListItem","position":1,"name":"Startseite","item":"https:\/\/mtbsiegerland.de\/cms\/"},{"@type":"ListItem","position":2,"name":"Bike Treff"}]},{"@type":"WebSite","@id":"https:\/\/mtbsiegerland.de\/#website","url":"https:\/\/mtbsiegerland.de\/","name":"MTB Siegerland e.V. - Lass dich raus!","description":"","potentialAction":[{"@type":"SearchAction","target":{"@type":"EntryPoint","urlTemplate":"https:\/\/mtbsiegerland.de\/?s={search_term_string}"},"query-input":{"@type":"PropertyValueSpecification","valueRequired":true,"valueName":"search_term_string"}}],"inLanguage":"de"}]}},"_links":{"self":[{"href":"https:\/\/mtbsiegerland.de\/cms\/wp-json\/wp\/v2\/pages\/490","targetHints":{"allow":["GET"]}}],"collection":[{"href":"https:\/\/mtbsiegerland.de\/cms\/wp-json\/wp\/v2\/pages"}],"about":[{"href":"https:\/\/mtbsiegerland.de\/cms\/wp-json\/wp\/v2\/types\/page"}],"author":[{"embeddable":true,"href":"https:\/\/mtbsiegerland.de\/cms\/wp-json\/wp\/v2\/users\/1"}],"replies":[{"embeddable":true,"href":"https:\/\/mtbsiegerland.de\/cms\/wp-json\/wp\/v2\/comments?post=490"}],"version-history":[{"count":16,"href":"https:\/\/mtbsiegerland.de\/cms\/wp-json\/wp\/v2\/pages\/490\/revisions"}],"predecessor-version":[{"id":1472,"href":"https:\/\/mtbsiegerland.de\/cms\/wp-json\/wp\/v2\/pages\/490\/revisions\/1472"}],"wp:attachment":[{"href":"https:\/\/mtbsiegerland.de\/cms\/wp-json\/wp\/v2\/media?parent=490"}],"curies":[{"name":"wp","href":"https:\/\/api.w.org\/{rel}","templated":true}]}}