{"id":495,"date":"2025-02-03T14:58:04","date_gmt":"2025-02-03T13:58:04","guid":{"rendered":"https:\/\/mtbsiegerland.de\/cms\/?page_id=495"},"modified":"2025-02-04T20:44:33","modified_gmt":"2025-02-04T19:44:33","slug":"stammtisch","status":"publish","type":"page","link":"https:\/\/mtbsiegerland.de\/cms\/stammtisch\/","title":{"rendered":"Stammtisch"},"content":{"rendered":"\t\t<div data-elementor-type=\"wp-page\" data-elementor-id=\"495\" class=\"elementor elementor-495\" data-elementor-post-type=\"page\">\n\t\t\t\t<div class=\"elementor-element elementor-element-6605727 e-flex e-con-boxed e-con e-parent\" data-id=\"6605727\" data-element_type=\"container\" data-e-type=\"container\">\n\t\t\t\t\t<div class=\"e-con-inner\">\n\t\t\t\t<div class=\"elementor-element elementor-element-52d24ab elementor-widget elementor-widget-heading\" data-id=\"52d24ab\" data-element_type=\"widget\" data-e-type=\"widget\" data-widget_type=\"heading.default\">\n\t\t\t\t<div class=\"elementor-widget-container\">\n\t\t\t\t\t<h2 class=\"elementor-heading-title elementor-size-default\">GEMEINSAM PLAUDERN, LACHEN UND MOUNTAINBKE-LUFT SCHNUPPERN!<\/h2>\t\t\t\t<\/div>\n\t\t\t\t<\/div>\n\t\t\t\t<div class=\"elementor-element elementor-element-5571582 elementor-widget elementor-widget-text-editor\" data-id=\"5571582\" data-element_type=\"widget\" data-e-type=\"widget\" data-widget_type=\"text-editor.default\">\n\t\t\t\t<div class=\"elementor-widget-container\">\n\t\t\t\t\t\t\t\t\t<p>Jeden ersten Donnerstag im Monat hei\u00dft es bei uns: <strong>Stammtisch Time!<\/strong>\u00a0Egal, ob du ein echter Mountainbike-Enthusiast bist oder einfach nur mal reinschnuppern willst \u2013 hier bist du herzlich willkommen. Wir kommen zusammen, um uns \u00fcber die neuesten Trends, spannende Touren und alles, was das Biker-Herz begehrt, auszutauschen.<\/p><p>Je nach Wetterlage findet der Stammtisch an einem von zwei Orten statt:<\/p><ul><li><strong>Im Sportheim des TSV Siegen<\/strong> (Scheidweg 28, 57072 Siegen) \u2013 gem\u00fctlich, warm und perfekt f\u00fcr gesellige Abende.<\/li><li><strong>Am Bauwagen zwischen Abschnitt 6 und 7 auf dem Flowtrail<\/strong>\u00a0\u2013 ideal f\u00fcr alle, die das Outdoor-Feeling lieben. Aber Achtung: Hier kann es schnell kalt werden, also packt euch warm ein!<\/li><\/ul><p>Da die meisten Stammtische im Sportheim stattfinden, ist f\u00fcr gem\u00fctliche Atmosph\u00e4re und gute Laune gesorgt. Ab <strong>19 Uhr<\/strong>\u00a0geht\u2019s los \u2013 wir freuen uns auf dich!<\/p><p>Beim Stammtisch geht es nicht nur ums Fachsimpeln, sondern auch darum, neue Leute kennenzulernen, gemeinsam zu lachen und einfach eine gute Zeit zu haben. Egal, ob du Tipps suchst, von deinen letzten Abenteuern berichten willst oder einfach nur dabei sein m\u00f6chtest \u2013 hier findest du immer Anschluss.<\/p><p>Also, komm vorbei, bring gerne Freunde mit und lass uns gemeinsam den Abend genie\u00dfen. Wir freuen uns auf dich \u2013 und vielleicht hast du ja sogar eine spannende Story im Gep\u00e4ck! \ud83d\udeb5\u200d\u2642\ufe0f\ud83d\udeb5\u200d\u2640\ufe0f<\/p><p><em>Schau regelm\u00e4\u00dfig auf unserer Website oder in der WhatsApp-Gruppe vorbei, um zu erfahren, wo der n\u00e4chste Stammtisch stattfindet. Wir sehen uns!<\/em><\/p>\t\t\t\t\t\t\t\t<\/div>\n\t\t\t\t<\/div>\n\t\t\t\t\t<\/div>\n\t\t\t\t<\/div>\n\t\t\t\t<\/div>\n\t\t","protected":false},"excerpt":{"rendered":"<p class=\"tx-excerpt\">GEMEINSAM PLAUDERN, LACHEN UND MOUNTAINBKE-LUFT SCHNUPPERN! Jeden ersten Donnerstag im Monat hei\u00dft es bei uns: Stammtisch Time!\u00a0Egal, ob du ein echter Mountainbike-Enthusiast bist oder einfach nur mal reinschnuppern willst \u2013 hier bist du herzlich willkommen....<\/p>","protected":false},"author":1,"featured_media":0,"parent":0,"menu_order":0,"comment_status":"closed","ping_status":"closed","template":"","meta":{"_lmt_disableupdate":"","_lmt_disable":"","_exactmetrics_skip_tracking":false,"_exactmetrics_sitenote_active":false,"_exactmetrics_sitenote_note":"","_exactmetrics_sitenote_category":0,"footnotes":""},"class_list":["post-495","page","type-page","status-publish","hentry"],"yoast_head":"<!-- This site is optimized with the Yoast SEO plugin v27.5 - https:\/\/yoast.com\/product\/yoast-seo-wordpress\/ -->\n<title>Stammtisch - MTB Siegerland e.V. - Lass dich raus!<\/title>\n<meta name=\"robots\" content=\"index, follow, max-snippet:-1, max-image-preview:large, max-video-preview:-1\" \/>\n<link rel=\"canonical\" href=\"https:\/\/mtbsiegerland.de\/cms\/stammtisch\/\" \/>\n<meta property=\"og:locale\" content=\"de_DE\" \/>\n<meta property=\"og:type\" content=\"article\" \/>\n<meta property=\"og:title\" content=\"Stammtisch - MTB Siegerland e.V. - Lass dich raus!\" \/>\n<meta property=\"og:description\" content=\"GEMEINSAM PLAUDERN, LACHEN UND MOUNTAINBKE-LUFT SCHNUPPERN! Jeden ersten Donnerstag im Monat hei\u00dft es bei uns: Stammtisch Time!\u00a0Egal, ob du ein echter Mountainbike-Enthusiast bist oder einfach nur mal reinschnuppern willst \u2013 hier bist du herzlich willkommen. Wir kommen zusammen, um uns \u00fcber die neuesten Trends, spannende Touren und alles, was das Biker-Herz begehrt, auszutauschen. Je nach [&hellip;]\" \/>\n<meta property=\"og:url\" content=\"https:\/\/mtbsiegerland.de\/cms\/stammtisch\/\" \/>\n<meta property=\"og:site_name\" content=\"MTB Siegerland e.V. - Lass dich raus!\" \/>\n<meta property=\"article:modified_time\" content=\"2025-02-04T19:44:33+00:00\" \/>\n<meta name=\"twitter:card\" content=\"summary_large_image\" \/>\n<meta name=\"twitter:label1\" content=\"Gesch\u00e4tzte Lesezeit\" \/>\n\t<meta name=\"twitter:data1\" content=\"2\u00a0Minuten\" \/>\n<script type=\"application\/ld+json\" class=\"yoast-schema-graph\">{\"@context\":\"https:\\\/\\\/schema.org\",\"@graph\":[{\"@type\":\"WebPage\",\"@id\":\"https:\\\/\\\/mtbsiegerland.de\\\/cms\\\/stammtisch\\\/\",\"url\":\"https:\\\/\\\/mtbsiegerland.de\\\/cms\\\/stammtisch\\\/\",\"name\":\"Stammtisch - MTB Siegerland e.V. - Lass dich raus!\",\"isPartOf\":{\"@id\":\"https:\\\/\\\/mtbsiegerland.de\\\/#website\"},\"datePublished\":\"2025-02-03T13:58:04+00:00\",\"dateModified\":\"2025-02-04T19:44:33+00:00\",\"breadcrumb\":{\"@id\":\"https:\\\/\\\/mtbsiegerland.de\\\/cms\\\/stammtisch\\\/#breadcrumb\"},\"inLanguage\":\"de\",\"potentialAction\":[{\"@type\":\"ReadAction\",\"target\":[\"https:\\\/\\\/mtbsiegerland.de\\\/cms\\\/stammtisch\\\/\"]}]},{\"@type\":\"BreadcrumbList\",\"@id\":\"https:\\\/\\\/mtbsiegerland.de\\\/cms\\\/stammtisch\\\/#breadcrumb\",\"itemListElement\":[{\"@type\":\"ListItem\",\"position\":1,\"name\":\"Startseite\",\"item\":\"https:\\\/\\\/mtbsiegerland.de\\\/cms\\\/\"},{\"@type\":\"ListItem\",\"position\":2,\"name\":\"Stammtisch\"}]},{\"@type\":\"WebSite\",\"@id\":\"https:\\\/\\\/mtbsiegerland.de\\\/#website\",\"url\":\"https:\\\/\\\/mtbsiegerland.de\\\/\",\"name\":\"MTB Siegerland e.V. - Lass dich raus!\",\"description\":\"\",\"potentialAction\":[{\"@type\":\"SearchAction\",\"target\":{\"@type\":\"EntryPoint\",\"urlTemplate\":\"https:\\\/\\\/mtbsiegerland.de\\\/?s={search_term_string}\"},\"query-input\":{\"@type\":\"PropertyValueSpecification\",\"valueRequired\":true,\"valueName\":\"search_term_string\"}}],\"inLanguage\":\"de\"}]}<\/script>\n<!-- \/ Yoast SEO plugin. -->","yoast_head_json":{"title":"Stammtisch - MTB Siegerland e.V. - Lass dich raus!","robots":{"index":"index","follow":"follow","max-snippet":"max-snippet:-1","max-image-preview":"max-image-preview:large","max-video-preview":"max-video-preview:-1"},"canonical":"https:\/\/mtbsiegerland.de\/cms\/stammtisch\/","og_locale":"de_DE","og_type":"article","og_title":"Stammtisch - MTB Siegerland e.V. - Lass dich raus!","og_description":"GEMEINSAM PLAUDERN, LACHEN UND MOUNTAINBKE-LUFT SCHNUPPERN! Jeden ersten Donnerstag im Monat hei\u00dft es bei uns: Stammtisch Time!\u00a0Egal, ob du ein echter Mountainbike-Enthusiast bist oder einfach nur mal reinschnuppern willst \u2013 hier bist du herzlich willkommen. Wir kommen zusammen, um uns \u00fcber die neuesten Trends, spannende Touren und alles, was das Biker-Herz begehrt, auszutauschen. Je nach [&hellip;]","og_url":"https:\/\/mtbsiegerland.de\/cms\/stammtisch\/","og_site_name":"MTB Siegerland e.V. - Lass dich raus!","article_modified_time":"2025-02-04T19:44:33+00:00","twitter_card":"summary_large_image","twitter_misc":{"Gesch\u00e4tzte Lesezeit":"2\u00a0Minuten"},"schema":{"@context":"https:\/\/schema.org","@graph":[{"@type":"WebPage","@id":"https:\/\/mtbsiegerland.de\/cms\/stammtisch\/","url":"https:\/\/mtbsiegerland.de\/cms\/stammtisch\/","name":"Stammtisch - MTB Siegerland e.V. - Lass dich raus!","isPartOf":{"@id":"https:\/\/mtbsiegerland.de\/#website"},"datePublished":"2025-02-03T13:58:04+00:00","dateModified":"2025-02-04T19:44:33+00:00","breadcrumb":{"@id":"https:\/\/mtbsiegerland.de\/cms\/stammtisch\/#breadcrumb"},"inLanguage":"de","potentialAction":[{"@type":"ReadAction","target":["https:\/\/mtbsiegerland.de\/cms\/stammtisch\/"]}]},{"@type":"BreadcrumbList","@id":"https:\/\/mtbsiegerland.de\/cms\/stammtisch\/#breadcrumb","itemListElement":[{"@type":"ListItem","position":1,"name":"Startseite","item":"https:\/\/mtbsiegerland.de\/cms\/"},{"@type":"ListItem","position":2,"name":"Stammtisch"}]},{"@type":"WebSite","@id":"https:\/\/mtbsiegerland.de\/#website","url":"https:\/\/mtbsiegerland.de\/","name":"MTB Siegerland e.V. - Lass dich raus!","description":"","potentialAction":[{"@type":"SearchAction","target":{"@type":"EntryPoint","urlTemplate":"https:\/\/mtbsiegerland.de\/?s={search_term_string}"},"query-input":{"@type":"PropertyValueSpecification","valueRequired":true,"valueName":"search_term_string"}}],"inLanguage":"de"}]}},"_links":{"self":[{"href":"https:\/\/mtbsiegerland.de\/cms\/wp-json\/wp\/v2\/pages\/495","targetHints":{"allow":["GET"]}}],"collection":[{"href":"https:\/\/mtbsiegerland.de\/cms\/wp-json\/wp\/v2\/pages"}],"about":[{"href":"https:\/\/mtbsiegerland.de\/cms\/wp-json\/wp\/v2\/types\/page"}],"author":[{"embeddable":true,"href":"https:\/\/mtbsiegerland.de\/cms\/wp-json\/wp\/v2\/users\/1"}],"replies":[{"embeddable":true,"href":"https:\/\/mtbsiegerland.de\/cms\/wp-json\/wp\/v2\/comments?post=495"}],"version-history":[{"count":7,"href":"https:\/\/mtbsiegerland.de\/cms\/wp-json\/wp\/v2\/pages\/495\/revisions"}],"predecessor-version":[{"id":781,"href":"https:\/\/mtbsiegerland.de\/cms\/wp-json\/wp\/v2\/pages\/495\/revisions\/781"}],"wp:attachment":[{"href":"https:\/\/mtbsiegerland.de\/cms\/wp-json\/wp\/v2\/media?parent=495"}],"curies":[{"name":"wp","href":"https:\/\/api.w.org\/{rel}","templated":true}]}}