{"id":554,"date":"2025-02-03T15:55:43","date_gmt":"2025-02-03T14:55:43","guid":{"rendered":"https:\/\/mtbsiegerland.de\/cms\/?page_id=554"},"modified":"2025-02-04T19:01:50","modified_gmt":"2025-02-04T18:01:50","slug":"spenden","status":"publish","type":"page","link":"https:\/\/mtbsiegerland.de\/cms\/spenden\/","title":{"rendered":"Spenden"},"content":{"rendered":"\t\t<div data-elementor-type=\"wp-page\" data-elementor-id=\"554\" class=\"elementor elementor-554\" data-elementor-post-type=\"page\">\n\t\t\t\t<div class=\"elementor-element elementor-element-6605727 e-flex e-con-boxed e-con e-parent\" data-id=\"6605727\" data-element_type=\"container\" data-e-type=\"container\">\n\t\t\t\t\t<div class=\"e-con-inner\">\n\t\t\t\t<div class=\"elementor-element elementor-element-52d24ab elementor-widget elementor-widget-heading\" data-id=\"52d24ab\" data-element_type=\"widget\" data-e-type=\"widget\" data-widget_type=\"heading.default\">\n\t\t\t\t<div class=\"elementor-widget-container\">\n\t\t\t\t\t<h2 class=\"elementor-heading-title elementor-size-default\">DEINE UNTERST\u00dcTZUNG MACHT DEN UNTERSCHIED!<\/h2>\t\t\t\t<\/div>\n\t\t\t\t<\/div>\n\t\t\t\t<div class=\"elementor-element elementor-element-5571582 elementor-widget elementor-widget-text-editor\" data-id=\"5571582\" data-element_type=\"widget\" data-e-type=\"widget\" data-widget_type=\"text-editor.default\">\n\t\t\t\t<div class=\"elementor-widget-container\">\n\t\t\t\t\t\t\t\t\t<p>Mountainbiken ist mehr als nur ein Sport \u2013 es ist eine Leidenschaft, die uns alle verbindet. Doch um diese Leidenschaft am Leben zu erhalten, brauchen wir deine Hilfe! Spenden sind f\u00fcr unseren Verein ein absolut wichtiger Bestandteil, denn ohne sie k\u00f6nnten wir viele unserer Projekte und Aktivit\u00e4ten nicht realisieren.<\/p><p>Deine Spende hilft uns dabei, die Trails, die wir alle lieben, instand zu halten und weiter auszubauen. Sie erm\u00f6glicht es uns, Events zu organisieren, die unsere Community st\u00e4rken, und sie unterst\u00fctzt uns dabei, Workshops und Schulungen anzubieten, die sowohl Einsteigern als auch Profis neue Skills vermitteln. Au\u00dferdem investieren wir in die Sicherheit unserer Mitglieder, sei es durch die Anschaffung von Erste-Hilfe-Material oder die Schulung von Trail-Patrols.<\/p><p>Jeder Beitrag, ob gro\u00df oder klein, macht einen Unterschied. Mit deiner Spende tr\u00e4gst du direkt dazu bei, dass unser Verein weiterwachsen und noch mehr Menschen f\u00fcr den Mountainbike-Sport begeistern kann. Du sorgst daf\u00fcr, dass wir unsere Ziele erreichen und unsere Vision einer lebendigen, nachhaltigen Biker-Community Wirklichkeit wird.<\/p><p>Spenden ist ganz einfach \u2013 ob einmalig oder regelm\u00e4\u00dfig, jede Unterst\u00fctzung z\u00e4hlt. Gemeinsam k\u00f6nnen wir etwas bewegen und die Welt des Mountainbikens noch besser machen. Vielen Dank, dass du uns dabei hilfst, die Trails am Rollen zu halten! \ud83d\udeb5\u200d\u2642\ufe0f\ud83d\udc9a<\/p>\t\t\t\t\t\t\t\t<\/div>\n\t\t\t\t<\/div>\n\t\t\t\t\t<\/div>\n\t\t\t\t<\/div>\n\t\t<div class=\"elementor-element elementor-element-9e5f9ea e-flex e-con-boxed e-con e-parent\" data-id=\"9e5f9ea\" data-element_type=\"container\" data-e-type=\"container\">\n\t\t\t\t\t<div class=\"e-con-inner\">\n\t\t\t\t<div class=\"elementor-element elementor-element-f4feae6 elementor-widget elementor-widget-paypal-button\" data-id=\"f4feae6\" data-element_type=\"widget\" data-e-type=\"widget\" data-settings=\"{&quot;merchant_account&quot;:&quot;simple&quot;}\" data-widget_type=\"paypal-button.default\">\n\t\t\t\t<div class=\"elementor-widget-container\">\n\t\t\t\t\t\t\t\t\t<div class=\"elementor-button-wrapper\">\n\t\t\t\t\t\t\t<form action=\"https:\/\/www.paypal.com\/cgi-bin\/webscr\" method=\"post\" target=\"_blank\">\n\t\t\t<input type=\"hidden\" name=\"cmd\" value=\"_donations\" \/>\n\t\t\t<input type=\"hidden\" name=\"business\" value=\"info@mtbsiegerland.de\" \/>\n\t\t\t<input type=\"hidden\" name=\"lc\" value=\"US\" \/>\n\t\t\t<input type=\"hidden\" name=\"item_name\" value=\"\" \/>\n\t\t\t<input type=\"hidden\" name=\"item_number\" value=\"\" \/>\n\t\t\t<input type=\"hidden\" name=\"currency_code\" value=\"EUR\" \/>\n\t\t\t<input type=\"hidden\" name=\"amount\" value=\"10\" \/>\n\t\t\t<input type=\"hidden\" name=\"no_note\" value=\"1\">\n\n\t\t\t\t\t<button class=\"elementor-button elementor-size-sm elementor-paypal-legacy elementor-payment-button\" role=\"button\" type=\"submit\">\n\t\t\t\t\t<span class=\"elementor-button-content-wrapper\">\n\t\t\t\t\t\t<span class=\"elementor-button-icon\">\n\t\t\t\t<svg aria-hidden=\"true\" class=\"e-font-icon-svg e-fab-paypal\" viewBox=\"0 0 384 512\" xmlns=\"http:\/\/www.w3.org\/2000\/svg\"><path d=\"M111.4 295.9c-3.5 19.2-17.4 108.7-21.5 134-.3 1.8-1 2.5-3 2.5H12.3c-7.6 0-13.1-6.6-12.1-13.9L58.8 46.6c1.5-9.6 10.1-16.9 20-16.9 152.3 0 165.1-3.7 204 11.4 60.1 23.3 65.6 79.5 44 140.3-21.5 62.6-72.5 89.5-140.1 90.3-43.4.7-69.5-7-75.3 24.2zM357.1 152c-1.8-1.3-2.5-1.8-3 1.3-2 11.4-5.1 22.5-8.8 33.6-39.9 113.8-150.5 103.9-204.5 103.9-6.1 0-10.1 3.3-10.9 9.4-22.6 140.4-27.1 169.7-27.1 169.7-1 7.1 3.5 12.9 10.6 12.9h63.5c8.6 0 15.7-6.3 17.4-14.9.7-5.4-1.1 6.1 14.4-91.3 4.6-22 14.3-19.7 29.3-19.7 71 0 126.4-28.8 142.9-112.3 6.5-34.8 4.6-71.4-23.8-92.6z\"><\/path><\/svg>\t\t\t<\/span>\n\t\t\t\t\t\t\t\t\t<span class=\"elementor-button-text\">JETZT SPENDEN<\/span>\n\t\t\t\t\t<\/span>\n\t\t\t\t<\/button>\n\t\t\t\t<\/form>\n\t\t\t\t\t\t<\/div>\n\t\t\t\t\t\t\t\t<\/div>\n\t\t\t\t<\/div>\n\t\t\t\t\t<\/div>\n\t\t\t\t<\/div>\n\t\t\t\t<\/div>\n\t\t","protected":false},"excerpt":{"rendered":"<p class=\"tx-excerpt\">DEINE UNTERST\u00dcTZUNG MACHT DEN UNTERSCHIED! Mountainbiken ist mehr als nur ein Sport \u2013 es ist eine Leidenschaft, die uns alle verbindet. Doch um diese Leidenschaft am Leben zu erhalten, brauchen wir deine Hilfe! Spenden sind...<\/p>","protected":false},"author":1,"featured_media":0,"parent":0,"menu_order":0,"comment_status":"closed","ping_status":"closed","template":"","meta":{"_lmt_disableupdate":"","_lmt_disable":"","_exactmetrics_skip_tracking":false,"_exactmetrics_sitenote_active":false,"_exactmetrics_sitenote_note":"","_exactmetrics_sitenote_category":0,"footnotes":""},"class_list":["post-554","page","type-page","status-publish","hentry"],"yoast_head":"<!-- This site is optimized with the Yoast SEO plugin v27.4 - https:\/\/yoast.com\/product\/yoast-seo-wordpress\/ -->\n<title>Spenden - MTB Siegerland e.V. - Lass dich raus!<\/title>\n<meta name=\"robots\" content=\"index, follow, max-snippet:-1, max-image-preview:large, max-video-preview:-1\" \/>\n<link rel=\"canonical\" href=\"https:\/\/mtbsiegerland.de\/cms\/spenden\/\" \/>\n<meta property=\"og:locale\" content=\"de_DE\" \/>\n<meta property=\"og:type\" content=\"article\" \/>\n<meta property=\"og:title\" content=\"Spenden - MTB Siegerland e.V. - Lass dich raus!\" \/>\n<meta property=\"og:description\" content=\"DEINE UNTERST\u00dcTZUNG MACHT DEN UNTERSCHIED! Mountainbiken ist mehr als nur ein Sport \u2013 es ist eine Leidenschaft, die uns alle verbindet. Doch um diese Leidenschaft am Leben zu erhalten, brauchen wir deine Hilfe! Spenden sind f\u00fcr unseren Verein ein absolut wichtiger Bestandteil, denn ohne sie k\u00f6nnten wir viele unserer Projekte und Aktivit\u00e4ten nicht realisieren. Deine [&hellip;]\" \/>\n<meta property=\"og:url\" content=\"https:\/\/mtbsiegerland.de\/cms\/spenden\/\" \/>\n<meta property=\"og:site_name\" content=\"MTB Siegerland e.V. - Lass dich raus!\" \/>\n<meta property=\"article:modified_time\" content=\"2025-02-04T18:01:50+00:00\" \/>\n<meta name=\"twitter:card\" content=\"summary_large_image\" \/>\n<meta name=\"twitter:label1\" content=\"Gesch\u00e4tzte Lesezeit\" \/>\n\t<meta name=\"twitter:data1\" content=\"2\u00a0Minuten\" \/>\n<script type=\"application\/ld+json\" class=\"yoast-schema-graph\">{\"@context\":\"https:\\\/\\\/schema.org\",\"@graph\":[{\"@type\":\"WebPage\",\"@id\":\"https:\\\/\\\/mtbsiegerland.de\\\/cms\\\/spenden\\\/\",\"url\":\"https:\\\/\\\/mtbsiegerland.de\\\/cms\\\/spenden\\\/\",\"name\":\"Spenden - MTB Siegerland e.V. - Lass dich raus!\",\"isPartOf\":{\"@id\":\"https:\\\/\\\/mtbsiegerland.de\\\/#website\"},\"datePublished\":\"2025-02-03T14:55:43+00:00\",\"dateModified\":\"2025-02-04T18:01:50+00:00\",\"breadcrumb\":{\"@id\":\"https:\\\/\\\/mtbsiegerland.de\\\/cms\\\/spenden\\\/#breadcrumb\"},\"inLanguage\":\"de\",\"potentialAction\":[{\"@type\":\"ReadAction\",\"target\":[\"https:\\\/\\\/mtbsiegerland.de\\\/cms\\\/spenden\\\/\"]}]},{\"@type\":\"BreadcrumbList\",\"@id\":\"https:\\\/\\\/mtbsiegerland.de\\\/cms\\\/spenden\\\/#breadcrumb\",\"itemListElement\":[{\"@type\":\"ListItem\",\"position\":1,\"name\":\"Startseite\",\"item\":\"https:\\\/\\\/mtbsiegerland.de\\\/cms\\\/\"},{\"@type\":\"ListItem\",\"position\":2,\"name\":\"Spenden\"}]},{\"@type\":\"WebSite\",\"@id\":\"https:\\\/\\\/mtbsiegerland.de\\\/#website\",\"url\":\"https:\\\/\\\/mtbsiegerland.de\\\/\",\"name\":\"MTB Siegerland e.V. - Lass dich raus!\",\"description\":\"\",\"potentialAction\":[{\"@type\":\"SearchAction\",\"target\":{\"@type\":\"EntryPoint\",\"urlTemplate\":\"https:\\\/\\\/mtbsiegerland.de\\\/?s={search_term_string}\"},\"query-input\":{\"@type\":\"PropertyValueSpecification\",\"valueRequired\":true,\"valueName\":\"search_term_string\"}}],\"inLanguage\":\"de\"}]}<\/script>\n<!-- \/ Yoast SEO plugin. -->","yoast_head_json":{"title":"Spenden - MTB Siegerland e.V. - Lass dich raus!","robots":{"index":"index","follow":"follow","max-snippet":"max-snippet:-1","max-image-preview":"max-image-preview:large","max-video-preview":"max-video-preview:-1"},"canonical":"https:\/\/mtbsiegerland.de\/cms\/spenden\/","og_locale":"de_DE","og_type":"article","og_title":"Spenden - MTB Siegerland e.V. - Lass dich raus!","og_description":"DEINE UNTERST\u00dcTZUNG MACHT DEN UNTERSCHIED! Mountainbiken ist mehr als nur ein Sport \u2013 es ist eine Leidenschaft, die uns alle verbindet. Doch um diese Leidenschaft am Leben zu erhalten, brauchen wir deine Hilfe! Spenden sind f\u00fcr unseren Verein ein absolut wichtiger Bestandteil, denn ohne sie k\u00f6nnten wir viele unserer Projekte und Aktivit\u00e4ten nicht realisieren. Deine [&hellip;]","og_url":"https:\/\/mtbsiegerland.de\/cms\/spenden\/","og_site_name":"MTB Siegerland e.V. - Lass dich raus!","article_modified_time":"2025-02-04T18:01:50+00:00","twitter_card":"summary_large_image","twitter_misc":{"Gesch\u00e4tzte Lesezeit":"2\u00a0Minuten"},"schema":{"@context":"https:\/\/schema.org","@graph":[{"@type":"WebPage","@id":"https:\/\/mtbsiegerland.de\/cms\/spenden\/","url":"https:\/\/mtbsiegerland.de\/cms\/spenden\/","name":"Spenden - MTB Siegerland e.V. - Lass dich raus!","isPartOf":{"@id":"https:\/\/mtbsiegerland.de\/#website"},"datePublished":"2025-02-03T14:55:43+00:00","dateModified":"2025-02-04T18:01:50+00:00","breadcrumb":{"@id":"https:\/\/mtbsiegerland.de\/cms\/spenden\/#breadcrumb"},"inLanguage":"de","potentialAction":[{"@type":"ReadAction","target":["https:\/\/mtbsiegerland.de\/cms\/spenden\/"]}]},{"@type":"BreadcrumbList","@id":"https:\/\/mtbsiegerland.de\/cms\/spenden\/#breadcrumb","itemListElement":[{"@type":"ListItem","position":1,"name":"Startseite","item":"https:\/\/mtbsiegerland.de\/cms\/"},{"@type":"ListItem","position":2,"name":"Spenden"}]},{"@type":"WebSite","@id":"https:\/\/mtbsiegerland.de\/#website","url":"https:\/\/mtbsiegerland.de\/","name":"MTB Siegerland e.V. - Lass dich raus!","description":"","potentialAction":[{"@type":"SearchAction","target":{"@type":"EntryPoint","urlTemplate":"https:\/\/mtbsiegerland.de\/?s={search_term_string}"},"query-input":{"@type":"PropertyValueSpecification","valueRequired":true,"valueName":"search_term_string"}}],"inLanguage":"de"}]}},"_links":{"self":[{"href":"https:\/\/mtbsiegerland.de\/cms\/wp-json\/wp\/v2\/pages\/554","targetHints":{"allow":["GET"]}}],"collection":[{"href":"https:\/\/mtbsiegerland.de\/cms\/wp-json\/wp\/v2\/pages"}],"about":[{"href":"https:\/\/mtbsiegerland.de\/cms\/wp-json\/wp\/v2\/types\/page"}],"author":[{"embeddable":true,"href":"https:\/\/mtbsiegerland.de\/cms\/wp-json\/wp\/v2\/users\/1"}],"replies":[{"embeddable":true,"href":"https:\/\/mtbsiegerland.de\/cms\/wp-json\/wp\/v2\/comments?post=554"}],"version-history":[{"count":10,"href":"https:\/\/mtbsiegerland.de\/cms\/wp-json\/wp\/v2\/pages\/554\/revisions"}],"predecessor-version":[{"id":745,"href":"https:\/\/mtbsiegerland.de\/cms\/wp-json\/wp\/v2\/pages\/554\/revisions\/745"}],"wp:attachment":[{"href":"https:\/\/mtbsiegerland.de\/cms\/wp-json\/wp\/v2\/media?parent=554"}],"curies":[{"name":"wp","href":"https:\/\/api.w.org\/{rel}","templated":true}]}}