{"id":783,"date":"2025-02-04T21:14:13","date_gmt":"2025-02-04T20:14:13","guid":{"rendered":"https:\/\/mtbsiegerland.de\/cms\/?page_id=783"},"modified":"2025-02-06T14:01:36","modified_gmt":"2025-02-06T13:01:36","slug":"mitmachen-auf-dem-flowtrail","status":"publish","type":"page","link":"https:\/\/mtbsiegerland.de\/cms\/mitmachen-auf-dem-flowtrail\/","title":{"rendered":"Mitmachen auf dem Flowtrail"},"content":{"rendered":"\t\t<div data-elementor-type=\"wp-page\" data-elementor-id=\"783\" class=\"elementor elementor-783\" data-elementor-post-type=\"page\">\n\t\t\t\t<div class=\"elementor-element elementor-element-47afbc63 e-con-full e-flex e-con e-parent\" data-id=\"47afbc63\" data-element_type=\"container\" data-e-type=\"container\" data-settings=\"{&quot;background_background&quot;:&quot;classic&quot;}\">\n\t\t<div class=\"elementor-element elementor-element-f6a5703 e-con-full e-flex e-con e-child\" data-id=\"f6a5703\" data-element_type=\"container\" data-e-type=\"container\">\n\t\t\t\t<div class=\"elementor-element elementor-element-231ba2d6 elementor-widget elementor-widget-heading\" data-id=\"231ba2d6\" data-element_type=\"widget\" data-e-type=\"widget\" data-widget_type=\"heading.default\">\n\t\t\t\t<div class=\"elementor-widget-container\">\n\t\t\t\t\t<h1 class=\"elementor-heading-title elementor-size-default\">START CREATING TODAY\n<\/h1>\t\t\t\t<\/div>\n\t\t\t\t<\/div>\n\t\t\t\t<div class=\"elementor-element elementor-element-3114eb9a elementor-widget__width-initial elementor-widget-tablet__width-inherit elementor-widget-mobile__width-inherit elementor-widget elementor-widget-text-editor\" data-id=\"3114eb9a\" data-element_type=\"widget\" data-e-type=\"widget\" data-widget_type=\"text-editor.default\">\n\t\t\t\t<div class=\"elementor-widget-container\">\n\t\t\t\t\t\t\t\t\t<p>Du hast Lust am shapen und m\u00f6chtest nach deiner Arbeit mit uns zusammen am Trail arbeiten?<\/p>\t\t\t\t\t\t\t\t<\/div>\n\t\t\t\t<\/div>\n\t\t\t\t<div class=\"elementor-element elementor-element-483be78b elementor-align-left elementor-widget elementor-widget-button\" data-id=\"483be78b\" data-element_type=\"widget\" data-e-type=\"widget\" data-widget_type=\"button.default\">\n\t\t\t\t<div class=\"elementor-widget-container\">\n\t\t\t\t\t\t\t\t\t<div class=\"elementor-button-wrapper\">\n\t\t\t\t\t<a class=\"elementor-button elementor-button-link elementor-size-sm elementor-animation-grow\" href=\"#gemeinsam\">\n\t\t\t\t\t\t<span class=\"elementor-button-content-wrapper\">\n\t\t\t\t\t\t\t\t\t<span class=\"elementor-button-text\">Neugierig?<\/span>\n\t\t\t\t\t<\/span>\n\t\t\t\t\t<\/a>\n\t\t\t\t<\/div>\n\t\t\t\t\t\t\t\t<\/div>\n\t\t\t\t<\/div>\n\t\t\t\t<\/div>\n\t\t<div class=\"elementor-element elementor-element-1cdd8db1 e-con-full e-flex e-con e-child\" data-id=\"1cdd8db1\" data-element_type=\"container\" data-e-type=\"container\">\n\t\t\t\t<div class=\"elementor-element elementor-element-6ed55df2 elementor-widget-mobile__width-initial elementor-widget__width-initial elementor-widget elementor-widget-image\" data-id=\"6ed55df2\" data-element_type=\"widget\" data-e-type=\"widget\" data-widget_type=\"image.default\">\n\t\t\t\t<div class=\"elementor-widget-container\">\n\t\t\t\t\t\t\t\t\t\t\t\t\t\t\t<img fetchpriority=\"high\" decoding=\"async\" width=\"330\" height=\"350\" src=\"https:\/\/mtbsiegerland.de\/cms\/wp-content\/uploads\/2025\/02\/create_2.png\" class=\"attachment-large size-large wp-image-1159\" alt=\"\" srcset=\"https:\/\/mtbsiegerland.de\/cms\/wp-content\/uploads\/2025\/02\/create_2.png 330w, https:\/\/mtbsiegerland.de\/cms\/wp-content\/uploads\/2025\/02\/create_2-283x300.png 283w, https:\/\/mtbsiegerland.de\/cms\/wp-content\/uploads\/2025\/02\/create_2-75x80.png 75w, https:\/\/mtbsiegerland.de\/cms\/wp-content\/uploads\/2025\/02\/create_2-300x318.png 300w\" sizes=\"(max-width: 330px) 100vw, 330px\" \/>\t\t\t\t\t\t\t\t\t\t\t\t\t\t\t<\/div>\n\t\t\t\t<\/div>\n\t\t\t\t<div class=\"elementor-element elementor-element-7c409c7c elementor-widget-mobile__width-initial elementor-widget__width-inherit elementor-widget elementor-widget-image\" data-id=\"7c409c7c\" data-element_type=\"widget\" data-e-type=\"widget\" data-widget_type=\"image.default\">\n\t\t\t\t<div class=\"elementor-widget-container\">\n\t\t\t\t\t\t\t\t\t\t\t\t\t\t\t<img decoding=\"async\" width=\"470\" height=\"500\" src=\"https:\/\/mtbsiegerland.de\/cms\/wp-content\/uploads\/2025\/02\/create_1.png\" class=\"attachment-large size-large wp-image-1158\" alt=\"\" srcset=\"https:\/\/mtbsiegerland.de\/cms\/wp-content\/uploads\/2025\/02\/create_1.png 470w, https:\/\/mtbsiegerland.de\/cms\/wp-content\/uploads\/2025\/02\/create_1-282x300.png 282w, https:\/\/mtbsiegerland.de\/cms\/wp-content\/uploads\/2025\/02\/create_1-75x80.png 75w, https:\/\/mtbsiegerland.de\/cms\/wp-content\/uploads\/2025\/02\/create_1-360x383.png 360w, https:\/\/mtbsiegerland.de\/cms\/wp-content\/uploads\/2025\/02\/create_1-373x397.png 373w, https:\/\/mtbsiegerland.de\/cms\/wp-content\/uploads\/2025\/02\/create_1-460x489.png 460w, https:\/\/mtbsiegerland.de\/cms\/wp-content\/uploads\/2025\/02\/create_1-365x388.png 365w, https:\/\/mtbsiegerland.de\/cms\/wp-content\/uploads\/2025\/02\/create_1-300x319.png 300w\" sizes=\"(max-width: 470px) 100vw, 470px\" \/>\t\t\t\t\t\t\t\t\t\t\t\t\t\t\t<\/div>\n\t\t\t\t<\/div>\n\t\t\t\t<\/div>\n\t\t\t\t<\/div>\n\t\t<div class=\"elementor-element elementor-element-c779a0d e-flex e-con-boxed e-con e-parent\" data-id=\"c779a0d\" data-element_type=\"container\" data-e-type=\"container\">\n\t\t\t\t\t<div class=\"e-con-inner\">\n\t\t\t\t\t<\/div>\n\t\t\t\t<\/div>\n\t\t<div class=\"elementor-element elementor-element-6605727 e-flex e-con-boxed e-con e-parent\" data-id=\"6605727\" data-element_type=\"container\" data-e-type=\"container\">\n\t\t\t\t\t<div class=\"e-con-inner\">\n\t\t\t\t<div class=\"elementor-element elementor-element-52d24ab elementor-widget elementor-widget-heading\" data-id=\"52d24ab\" data-element_type=\"widget\" data-e-type=\"widget\" id=\"gemeinsam\" data-widget_type=\"heading.default\">\n\t\t\t\t<div class=\"elementor-widget-container\">\n\t\t\t\t\t<h2 class=\"elementor-heading-title elementor-size-default\">GEMEINSAM SCHAFFEN WIR DAS!<\/h2>\t\t\t\t<\/div>\n\t\t\t\t<\/div>\n\t\t\t\t<div class=\"elementor-element elementor-element-5571582 elementor-widget elementor-widget-text-editor\" data-id=\"5571582\" data-element_type=\"widget\" data-e-type=\"widget\" data-widget_type=\"text-editor.default\">\n\t\t\t\t<div class=\"elementor-widget-container\">\n\t\t\t\t\t\t\t\t\t<p>Der <strong>Flowtrail Siegen<\/strong> ist unser gemeinsames Herzensprojekt \u2013 ein Ort, an dem wir alle unsere Leidenschaft f\u00fcrs Mountainbiken ausleben k\u00f6nnen. Doch damit der Trail immer top in Schuss bleibt, braucht es tatkr\u00e4ftige Unterst\u00fctzung von der Community. Und hier kommst du ins Spiel!<\/p><p>Egal, ob du ein erfahrener Handwerker bist oder einfach nur Lust hast, anzupacken \u2013 deine Hilfe ist jederzeit willkommen. Es gibt immer etwas zu tun:<\/p><ul><li><strong>Anlieger neu herrichten oder shapen:<\/strong> Damit der Trail fl\u00fcssig und sicher befahrbar bleibt, m\u00fcssen Abschnitte regelm\u00e4\u00dfig gepflegt und optimiert werden.<\/li><li><strong>Holzelemente warten und \u00fcberholen<\/strong>: Br\u00fccken, Stege und andere Holzkonstruktionen brauchen regelm\u00e4\u00dfige Pflege, um sicher und stabil zu bleiben.<\/li><li><strong>Allgemeine Instandhaltung<\/strong>: Von der Reinigung der Trails bis zum Beschneiden von \u00fcberh\u00e4ngenden \u00c4sten \u2013 jede helfende Hand z\u00e4hlt.<\/li><\/ul><p><strong>Wie kannst du mitmachen?<\/strong><br \/>Ganz einfach! Schau regelm\u00e4\u00dfig in unsere <strong>WhatsApp-Gruppe<\/strong>\u00a0oder auf unsere Website, um zu erfahren, wann der n\u00e4chste Arbeitseinsatz stattfindet. Du kannst dich auch direkt bei uns melden, wenn du Zeit und Lust hast, mit anzupacken. Werkzeug und Material stellen wir \u2013 du bringst einfach deine gute Laune und Tatkraft mit.<\/p><p>Gemeinsam am Flowtrail zu arbeiten, macht nicht nur Spa\u00df, sondern st\u00e4rkt auch das Gemeinschaftsgef\u00fchl. Hier lernst du neue Leute kennen, tauschst dich aus und siehst direkt, was dein Einsatz bewirkt. Denn jeder Handgriff tr\u00e4gt dazu bei, dass der Flowtrail ein sicherer und spa\u00dfiger Ort f\u00fcr alle bleibt.<\/p><p>Also, schnapp dir deine Arbeitshandschuhe, komm vorbei und werde Teil unseres Teams. Gemeinsam schaffen wir etwas, auf das wir alle stolz sein k\u00f6nnen \u2013 und haben dabei jede Menge Spa\u00df! \ud83d\udeb5\u200d\u2642\ufe0f\ud83d\udee0\ufe0f<\/p><p><em>Wir freuen uns auf dich \u2013 denn der Flowtrail lebt durch deine Unterst\u00fctzung!<\/em><\/p>\t\t\t\t\t\t\t\t<\/div>\n\t\t\t\t<\/div>\n\t\t\t\t\t<\/div>\n\t\t\t\t<\/div>\n\t\t\t\t<\/div>\n\t\t","protected":false},"excerpt":{"rendered":"<p class=\"tx-excerpt\">START CREATING TODAY Du hast Lust am shapen und m\u00f6chtest nach deiner Arbeit mit uns zusammen am Trail arbeiten? Neugierig? GEMEINSAM SCHAFFEN WIR DAS! Der Flowtrail Siegen ist unser gemeinsames Herzensprojekt \u2013 ein Ort, an...<\/p>","protected":false},"author":1,"featured_media":0,"parent":0,"menu_order":0,"comment_status":"closed","ping_status":"closed","template":"","meta":{"_lmt_disableupdate":"","_lmt_disable":"","_exactmetrics_skip_tracking":false,"_exactmetrics_sitenote_active":false,"_exactmetrics_sitenote_note":"","_exactmetrics_sitenote_category":0,"footnotes":""},"class_list":["post-783","page","type-page","status-publish","hentry"],"yoast_head":"<!-- This site is optimized with the Yoast SEO plugin v27.3 - https:\/\/yoast.com\/product\/yoast-seo-wordpress\/ -->\n<title>Mitmachen auf dem Flowtrail - MTB Siegerland e.V. - Lass dich raus!<\/title>\n<meta name=\"robots\" content=\"index, follow, max-snippet:-1, max-image-preview:large, max-video-preview:-1\" \/>\n<link rel=\"canonical\" href=\"https:\/\/mtbsiegerland.de\/cms\/mitmachen-auf-dem-flowtrail\/\" \/>\n<meta property=\"og:locale\" content=\"de_DE\" \/>\n<meta property=\"og:type\" content=\"article\" \/>\n<meta property=\"og:title\" content=\"Mitmachen auf dem Flowtrail - MTB Siegerland e.V. - Lass dich raus!\" \/>\n<meta property=\"og:description\" content=\"START CREATING TODAY Du hast Lust am shapen und m\u00f6chtest nach deiner Arbeit mit uns zusammen am Trail arbeiten? Neugierig? GEMEINSAM SCHAFFEN WIR DAS! Der Flowtrail Siegen ist unser gemeinsames Herzensprojekt \u2013 ein Ort, an dem wir alle unsere Leidenschaft f\u00fcrs Mountainbiken ausleben k\u00f6nnen. Doch damit der Trail immer top in Schuss bleibt, braucht es [&hellip;]\" \/>\n<meta property=\"og:url\" content=\"https:\/\/mtbsiegerland.de\/cms\/mitmachen-auf-dem-flowtrail\/\" \/>\n<meta property=\"og:site_name\" content=\"MTB Siegerland e.V. - Lass dich raus!\" \/>\n<meta property=\"article:modified_time\" content=\"2025-02-06T13:01:36+00:00\" \/>\n<meta property=\"og:image\" content=\"https:\/\/mtbsiegerland.de\/cms\/wp-content\/uploads\/2025\/02\/create_2.png\" \/>\n<meta name=\"twitter:card\" content=\"summary_large_image\" \/>\n<meta name=\"twitter:label1\" content=\"Gesch\u00e4tzte Lesezeit\" \/>\n\t<meta name=\"twitter:data1\" content=\"2\u00a0Minuten\" \/>\n<script type=\"application\/ld+json\" class=\"yoast-schema-graph\">{\"@context\":\"https:\\\/\\\/schema.org\",\"@graph\":[{\"@type\":\"WebPage\",\"@id\":\"https:\\\/\\\/mtbsiegerland.de\\\/cms\\\/mitmachen-auf-dem-flowtrail\\\/\",\"url\":\"https:\\\/\\\/mtbsiegerland.de\\\/cms\\\/mitmachen-auf-dem-flowtrail\\\/\",\"name\":\"Mitmachen auf dem Flowtrail - MTB Siegerland e.V. - Lass dich raus!\",\"isPartOf\":{\"@id\":\"https:\\\/\\\/mtbsiegerland.de\\\/#website\"},\"primaryImageOfPage\":{\"@id\":\"https:\\\/\\\/mtbsiegerland.de\\\/cms\\\/mitmachen-auf-dem-flowtrail\\\/#primaryimage\"},\"image\":{\"@id\":\"https:\\\/\\\/mtbsiegerland.de\\\/cms\\\/mitmachen-auf-dem-flowtrail\\\/#primaryimage\"},\"thumbnailUrl\":\"https:\\\/\\\/mtbsiegerland.de\\\/cms\\\/wp-content\\\/uploads\\\/2025\\\/02\\\/create_2.png\",\"datePublished\":\"2025-02-04T20:14:13+00:00\",\"dateModified\":\"2025-02-06T13:01:36+00:00\",\"breadcrumb\":{\"@id\":\"https:\\\/\\\/mtbsiegerland.de\\\/cms\\\/mitmachen-auf-dem-flowtrail\\\/#breadcrumb\"},\"inLanguage\":\"de\",\"potentialAction\":[{\"@type\":\"ReadAction\",\"target\":[\"https:\\\/\\\/mtbsiegerland.de\\\/cms\\\/mitmachen-auf-dem-flowtrail\\\/\"]}]},{\"@type\":\"ImageObject\",\"inLanguage\":\"de\",\"@id\":\"https:\\\/\\\/mtbsiegerland.de\\\/cms\\\/mitmachen-auf-dem-flowtrail\\\/#primaryimage\",\"url\":\"https:\\\/\\\/mtbsiegerland.de\\\/cms\\\/wp-content\\\/uploads\\\/2025\\\/02\\\/create_2.png\",\"contentUrl\":\"https:\\\/\\\/mtbsiegerland.de\\\/cms\\\/wp-content\\\/uploads\\\/2025\\\/02\\\/create_2.png\",\"width\":330,\"height\":350},{\"@type\":\"BreadcrumbList\",\"@id\":\"https:\\\/\\\/mtbsiegerland.de\\\/cms\\\/mitmachen-auf-dem-flowtrail\\\/#breadcrumb\",\"itemListElement\":[{\"@type\":\"ListItem\",\"position\":1,\"name\":\"Startseite\",\"item\":\"https:\\\/\\\/mtbsiegerland.de\\\/cms\\\/\"},{\"@type\":\"ListItem\",\"position\":2,\"name\":\"Mitmachen auf dem Flowtrail\"}]},{\"@type\":\"WebSite\",\"@id\":\"https:\\\/\\\/mtbsiegerland.de\\\/#website\",\"url\":\"https:\\\/\\\/mtbsiegerland.de\\\/\",\"name\":\"MTB Siegerland e.V. - Lass dich raus!\",\"description\":\"\",\"potentialAction\":[{\"@type\":\"SearchAction\",\"target\":{\"@type\":\"EntryPoint\",\"urlTemplate\":\"https:\\\/\\\/mtbsiegerland.de\\\/?s={search_term_string}\"},\"query-input\":{\"@type\":\"PropertyValueSpecification\",\"valueRequired\":true,\"valueName\":\"search_term_string\"}}],\"inLanguage\":\"de\"}]}<\/script>\n<!-- \/ Yoast SEO plugin. -->","yoast_head_json":{"title":"Mitmachen auf dem Flowtrail - MTB Siegerland e.V. - Lass dich raus!","robots":{"index":"index","follow":"follow","max-snippet":"max-snippet:-1","max-image-preview":"max-image-preview:large","max-video-preview":"max-video-preview:-1"},"canonical":"https:\/\/mtbsiegerland.de\/cms\/mitmachen-auf-dem-flowtrail\/","og_locale":"de_DE","og_type":"article","og_title":"Mitmachen auf dem Flowtrail - MTB Siegerland e.V. - Lass dich raus!","og_description":"START CREATING TODAY Du hast Lust am shapen und m\u00f6chtest nach deiner Arbeit mit uns zusammen am Trail arbeiten? Neugierig? GEMEINSAM SCHAFFEN WIR DAS! Der Flowtrail Siegen ist unser gemeinsames Herzensprojekt \u2013 ein Ort, an dem wir alle unsere Leidenschaft f\u00fcrs Mountainbiken ausleben k\u00f6nnen. Doch damit der Trail immer top in Schuss bleibt, braucht es [&hellip;]","og_url":"https:\/\/mtbsiegerland.de\/cms\/mitmachen-auf-dem-flowtrail\/","og_site_name":"MTB Siegerland e.V. - Lass dich raus!","article_modified_time":"2025-02-06T13:01:36+00:00","og_image":[{"url":"https:\/\/mtbsiegerland.de\/cms\/wp-content\/uploads\/2025\/02\/create_2.png","type":"","width":"","height":""}],"twitter_card":"summary_large_image","twitter_misc":{"Gesch\u00e4tzte Lesezeit":"2\u00a0Minuten"},"schema":{"@context":"https:\/\/schema.org","@graph":[{"@type":"WebPage","@id":"https:\/\/mtbsiegerland.de\/cms\/mitmachen-auf-dem-flowtrail\/","url":"https:\/\/mtbsiegerland.de\/cms\/mitmachen-auf-dem-flowtrail\/","name":"Mitmachen auf dem Flowtrail - MTB Siegerland e.V. - Lass dich raus!","isPartOf":{"@id":"https:\/\/mtbsiegerland.de\/#website"},"primaryImageOfPage":{"@id":"https:\/\/mtbsiegerland.de\/cms\/mitmachen-auf-dem-flowtrail\/#primaryimage"},"image":{"@id":"https:\/\/mtbsiegerland.de\/cms\/mitmachen-auf-dem-flowtrail\/#primaryimage"},"thumbnailUrl":"https:\/\/mtbsiegerland.de\/cms\/wp-content\/uploads\/2025\/02\/create_2.png","datePublished":"2025-02-04T20:14:13+00:00","dateModified":"2025-02-06T13:01:36+00:00","breadcrumb":{"@id":"https:\/\/mtbsiegerland.de\/cms\/mitmachen-auf-dem-flowtrail\/#breadcrumb"},"inLanguage":"de","potentialAction":[{"@type":"ReadAction","target":["https:\/\/mtbsiegerland.de\/cms\/mitmachen-auf-dem-flowtrail\/"]}]},{"@type":"ImageObject","inLanguage":"de","@id":"https:\/\/mtbsiegerland.de\/cms\/mitmachen-auf-dem-flowtrail\/#primaryimage","url":"https:\/\/mtbsiegerland.de\/cms\/wp-content\/uploads\/2025\/02\/create_2.png","contentUrl":"https:\/\/mtbsiegerland.de\/cms\/wp-content\/uploads\/2025\/02\/create_2.png","width":330,"height":350},{"@type":"BreadcrumbList","@id":"https:\/\/mtbsiegerland.de\/cms\/mitmachen-auf-dem-flowtrail\/#breadcrumb","itemListElement":[{"@type":"ListItem","position":1,"name":"Startseite","item":"https:\/\/mtbsiegerland.de\/cms\/"},{"@type":"ListItem","position":2,"name":"Mitmachen auf dem Flowtrail"}]},{"@type":"WebSite","@id":"https:\/\/mtbsiegerland.de\/#website","url":"https:\/\/mtbsiegerland.de\/","name":"MTB Siegerland e.V. - Lass dich raus!","description":"","potentialAction":[{"@type":"SearchAction","target":{"@type":"EntryPoint","urlTemplate":"https:\/\/mtbsiegerland.de\/?s={search_term_string}"},"query-input":{"@type":"PropertyValueSpecification","valueRequired":true,"valueName":"search_term_string"}}],"inLanguage":"de"}]}},"_links":{"self":[{"href":"https:\/\/mtbsiegerland.de\/cms\/wp-json\/wp\/v2\/pages\/783","targetHints":{"allow":["GET"]}}],"collection":[{"href":"https:\/\/mtbsiegerland.de\/cms\/wp-json\/wp\/v2\/pages"}],"about":[{"href":"https:\/\/mtbsiegerland.de\/cms\/wp-json\/wp\/v2\/types\/page"}],"author":[{"embeddable":true,"href":"https:\/\/mtbsiegerland.de\/cms\/wp-json\/wp\/v2\/users\/1"}],"replies":[{"embeddable":true,"href":"https:\/\/mtbsiegerland.de\/cms\/wp-json\/wp\/v2\/comments?post=783"}],"version-history":[{"count":37,"href":"https:\/\/mtbsiegerland.de\/cms\/wp-json\/wp\/v2\/pages\/783\/revisions"}],"predecessor-version":[{"id":1162,"href":"https:\/\/mtbsiegerland.de\/cms\/wp-json\/wp\/v2\/pages\/783\/revisions\/1162"}],"wp:attachment":[{"href":"https:\/\/mtbsiegerland.de\/cms\/wp-json\/wp\/v2\/media?parent=783"}],"curies":[{"name":"wp","href":"https:\/\/api.w.org\/{rel}","templated":true}]}}